{"id":7366,"date":"2022-04-04T14:57:55","date_gmt":"2022-04-04T14:57:55","guid":{"rendered":"https:\/\/www.bonimores.com\/?post_type=product&#038;p=7366"},"modified":"2023-11-30T09:45:33","modified_gmt":"2023-11-30T09:45:33","slug":"sapatilha-astra","status":"publish","type":"product","link":"https:\/\/bonimores.com\/en\/product\/sapatilha-astra\/","title":{"rendered":"ASTRA SNEAKERS"},"content":{"rendered":"<p class=\"translation-block\">Enlightening. Fearless. Bold. \"Astra\" rips in half the established standards, in a gesture of renewal and irreverence.<\/p>\n<p><strong>COMPOSITION:<\/strong><\/p>\n<p>Textile<br \/>\nSuede<\/p>","protected":false},"excerpt":{"rendered":"<p class=\"translation-block\">Enlightening. Fearless. Bold. \"Astra\" rips in half the established standards, in a gesture of renewal and irreverence.<\/p>","protected":false},"featured_media":7377,"template":"","meta":{"om_disable_all_campaigns":false,"_monsterinsights_skip_tracking":false,"_monsterinsights_sitenote_active":false,"_monsterinsights_sitenote_note":"","_monsterinsights_sitenote_category":0,"_uf_show_specific_survey":0,"_uf_disable_surveys":false},"product_brand":[],"product_cat":[25],"product_tag":[],"class_list":{"0":"post-7366","1":"product","2":"type-product","3":"status-publish","4":"has-post-thumbnail","6":"product_cat-homem","8":"first","9":"instock","10":"featured","11":"shipping-taxable","12":"purchasable","13":"product-type-variable","14":"has-default-attributes"},"aioseo_notices":[],"yoast_head":"<!-- This site is optimized with the Yoast SEO plugin v25.8 - https:\/\/yoast.com\/wordpress\/plugins\/seo\/ -->\n<title>SAPATILHA ASTRA - BoniMores<\/title>\n<meta name=\"description\" content=\"Esclarecedor. Destemido. Arrojado. \u201cAstra\u201d rasga ao meio os padr\u00f5es estabelecidos, num gesto de renova\u00e7\u00e3o e irrever\u00eancia.\" \/>\n<meta name=\"robots\" content=\"index, follow, max-snippet:-1, max-image-preview:large, max-video-preview:-1\" \/>\n<link rel=\"canonical\" href=\"https:\/\/bonimores.com\/en\/product\/sapatilha-astra\/\" \/>\n<meta property=\"og:locale\" content=\"en_US\" \/>\n<meta property=\"og:type\" content=\"article\" \/>\n<meta property=\"og:title\" content=\"SAPATILHA ASTRA - BoniMores\" \/>\n<meta property=\"og:description\" content=\"Esclarecedor. Destemido. Arrojado. \u201cAstra\u201d rasga ao meio os padr\u00f5es estabelecidos, num gesto de renova\u00e7\u00e3o e irrever\u00eancia.\" \/>\n<meta property=\"og:url\" content=\"https:\/\/bonimores.com\/en\/product\/sapatilha-astra\/\" \/>\n<meta property=\"og:site_name\" content=\"BoniMores\" \/>\n<meta property=\"article:publisher\" content=\"https:\/\/www.facebook.com\/BoniMoresOfficial\" \/>\n<meta property=\"article:modified_time\" content=\"2023-11-30T09:45:33+00:00\" \/>\n<meta property=\"og:image\" content=\"https:\/\/bonimores.com\/wp-content\/uploads\/2022\/04\/Astra.png\" \/>\n\t<meta property=\"og:image:width\" content=\"800\" \/>\n\t<meta property=\"og:image:height\" content=\"800\" \/>\n\t<meta property=\"og:image:type\" content=\"image\/png\" \/>\n<meta name=\"twitter:card\" content=\"summary_large_image\" \/>\n<meta name=\"twitter:site\" content=\"@bonimoresofficial\" \/>\n<meta name=\"twitter:label1\" content=\"Est. reading time\" \/>\n\t<meta name=\"twitter:data1\" content=\"1 minute\" \/>\n<script type=\"application\/ld+json\" class=\"yoast-schema-graph\">{\"@context\":\"https:\/\/schema.org\",\"@graph\":[{\"@type\":\"WebPage\",\"@id\":\"https:\/\/bonimores.com\/produto\/sapatilha-astra\/\",\"url\":\"https:\/\/bonimores.com\/produto\/sapatilha-astra\/\",\"name\":\"SAPATILHA ASTRA - BoniMores\",\"isPartOf\":{\"@id\":\"https:\/\/bonimores.com\/#website\"},\"primaryImageOfPage\":{\"@id\":\"https:\/\/bonimores.com\/produto\/sapatilha-astra\/#primaryimage\"},\"image\":{\"@id\":\"https:\/\/bonimores.com\/produto\/sapatilha-astra\/#primaryimage\"},\"thumbnailUrl\":\"https:\/\/bonimores.com\/wp-content\/uploads\/2022\/04\/Astra.png\",\"datePublished\":\"2022-04-04T14:57:55+00:00\",\"dateModified\":\"2023-11-30T09:45:33+00:00\",\"description\":\"Esclarecedor. Destemido. Arrojado. \u201cAstra\u201d rasga ao meio os padr\u00f5es estabelecidos, num gesto de renova\u00e7\u00e3o e irrever\u00eancia.\",\"breadcrumb\":{\"@id\":\"https:\/\/bonimores.com\/produto\/sapatilha-astra\/#breadcrumb\"},\"inLanguage\":\"en-US\",\"potentialAction\":[{\"@type\":\"ReadAction\",\"target\":[\"https:\/\/bonimores.com\/produto\/sapatilha-astra\/\"]}]},{\"@type\":\"ImageObject\",\"inLanguage\":\"en-US\",\"@id\":\"https:\/\/bonimores.com\/produto\/sapatilha-astra\/#primaryimage\",\"url\":\"https:\/\/bonimores.com\/wp-content\/uploads\/2022\/04\/Astra.png\",\"contentUrl\":\"https:\/\/bonimores.com\/wp-content\/uploads\/2022\/04\/Astra.png\",\"width\":800,\"height\":800,\"caption\":\"Esclarecedor. Destemido. Arrojado. \u201cAstra\u201d rasga ao meio os padr\u00f5es estabelecidos, num gesto de renova\u00e7\u00e3o e irrever\u00eancia.\"},{\"@type\":\"BreadcrumbList\",\"@id\":\"https:\/\/bonimores.com\/produto\/sapatilha-astra\/#breadcrumb\",\"itemListElement\":[{\"@type\":\"ListItem\",\"position\":1,\"name\":\"In\u00edcio\",\"item\":\"https:\/\/bonimores.com\/\"},{\"@type\":\"ListItem\",\"position\":2,\"name\":\"Loja\",\"item\":\"https:\/\/bonimores.com\/loja\/\"},{\"@type\":\"ListItem\",\"position\":3,\"name\":\"SAPATILHA ASTRA\"}]},{\"@type\":\"WebSite\",\"@id\":\"https:\/\/bonimores.com\/#website\",\"url\":\"https:\/\/bonimores.com\/\",\"name\":\"BoniMores\",\"description\":\"Sapatilhas de Bons Costumes\",\"publisher\":{\"@id\":\"https:\/\/bonimores.com\/#organization\"},\"alternateName\":\"Bomo\",\"potentialAction\":[{\"@type\":\"SearchAction\",\"target\":{\"@type\":\"EntryPoint\",\"urlTemplate\":\"https:\/\/bonimores.com\/?s={search_term_string}\"},\"query-input\":{\"@type\":\"PropertyValueSpecification\",\"valueRequired\":true,\"valueName\":\"search_term_string\"}}],\"inLanguage\":\"en-US\"},{\"@type\":\"Organization\",\"@id\":\"https:\/\/bonimores.com\/#organization\",\"name\":\"BoniMores\",\"alternateName\":\"Bomo\",\"url\":\"https:\/\/bonimores.com\/\",\"logo\":{\"@type\":\"ImageObject\",\"inLanguage\":\"en-US\",\"@id\":\"https:\/\/bonimores.com\/#\/schema\/logo\/image\/\",\"url\":\"https:\/\/bonimores.com\/wp-content\/uploads\/2022\/09\/cropped-BOMO-Catalogo-colecao-Inverno_prova.png\",\"contentUrl\":\"https:\/\/bonimores.com\/wp-content\/uploads\/2022\/09\/cropped-BOMO-Catalogo-colecao-Inverno_prova.png\",\"width\":512,\"height\":512,\"caption\":\"BoniMores\"},\"image\":{\"@id\":\"https:\/\/bonimores.com\/#\/schema\/logo\/image\/\"},\"sameAs\":[\"https:\/\/www.facebook.com\/BoniMoresOfficial\",\"https:\/\/x.com\/bonimoresofficial\",\"https:\/\/www.instagram.com\/bonimoresofficial\/\"]}]}<\/script>\n<!-- \/ Yoast SEO plugin. -->","yoast_head_json":{"title":"SAPATILHA ASTRA - BoniMores","description":"Esclarecedor. Destemido. Arrojado. \u201cAstra\u201d rasga ao meio os padr\u00f5es estabelecidos, num gesto de renova\u00e7\u00e3o e irrever\u00eancia.","robots":{"index":"index","follow":"follow","max-snippet":"max-snippet:-1","max-image-preview":"max-image-preview:large","max-video-preview":"max-video-preview:-1"},"canonical":"https:\/\/bonimores.com\/en\/product\/sapatilha-astra\/","og_locale":"en_US","og_type":"article","og_title":"SAPATILHA ASTRA - BoniMores","og_description":"Esclarecedor. Destemido. Arrojado. \u201cAstra\u201d rasga ao meio os padr\u00f5es estabelecidos, num gesto de renova\u00e7\u00e3o e irrever\u00eancia.","og_url":"https:\/\/bonimores.com\/en\/product\/sapatilha-astra\/","og_site_name":"BoniMores","article_publisher":"https:\/\/www.facebook.com\/BoniMoresOfficial","article_modified_time":"2023-11-30T09:45:33+00:00","og_image":[{"width":800,"height":800,"url":"https:\/\/bonimores.com\/wp-content\/uploads\/2022\/04\/Astra.png","type":"image\/png"}],"twitter_card":"summary_large_image","twitter_site":"@bonimoresofficial","twitter_misc":{"Est. reading time":"1 minute"},"schema":{"@context":"https:\/\/schema.org","@graph":[{"@type":"WebPage","@id":"https:\/\/bonimores.com\/produto\/sapatilha-astra\/","url":"https:\/\/bonimores.com\/produto\/sapatilha-astra\/","name":"SAPATILHA ASTRA - BoniMores","isPartOf":{"@id":"https:\/\/bonimores.com\/#website"},"primaryImageOfPage":{"@id":"https:\/\/bonimores.com\/produto\/sapatilha-astra\/#primaryimage"},"image":{"@id":"https:\/\/bonimores.com\/produto\/sapatilha-astra\/#primaryimage"},"thumbnailUrl":"https:\/\/bonimores.com\/wp-content\/uploads\/2022\/04\/Astra.png","datePublished":"2022-04-04T14:57:55+00:00","dateModified":"2023-11-30T09:45:33+00:00","description":"Esclarecedor. Destemido. Arrojado. \u201cAstra\u201d rasga ao meio os padr\u00f5es estabelecidos, num gesto de renova\u00e7\u00e3o e irrever\u00eancia.","breadcrumb":{"@id":"https:\/\/bonimores.com\/produto\/sapatilha-astra\/#breadcrumb"},"inLanguage":"en-US","potentialAction":[{"@type":"ReadAction","target":["https:\/\/bonimores.com\/produto\/sapatilha-astra\/"]}]},{"@type":"ImageObject","inLanguage":"en-US","@id":"https:\/\/bonimores.com\/produto\/sapatilha-astra\/#primaryimage","url":"https:\/\/bonimores.com\/wp-content\/uploads\/2022\/04\/Astra.png","contentUrl":"https:\/\/bonimores.com\/wp-content\/uploads\/2022\/04\/Astra.png","width":800,"height":800,"caption":"Esclarecedor. Destemido. Arrojado. \u201cAstra\u201d rasga ao meio os padr\u00f5es estabelecidos, num gesto de renova\u00e7\u00e3o e irrever\u00eancia."},{"@type":"BreadcrumbList","@id":"https:\/\/bonimores.com\/produto\/sapatilha-astra\/#breadcrumb","itemListElement":[{"@type":"ListItem","position":1,"name":"In\u00edcio","item":"https:\/\/bonimores.com\/"},{"@type":"ListItem","position":2,"name":"Loja","item":"https:\/\/bonimores.com\/loja\/"},{"@type":"ListItem","position":3,"name":"SAPATILHA ASTRA"}]},{"@type":"WebSite","@id":"https:\/\/bonimores.com\/#website","url":"https:\/\/bonimores.com\/","name":"BoniMores","description":"Sapatilhas de Bons Costumes","publisher":{"@id":"https:\/\/bonimores.com\/#organization"},"alternateName":"Bomo","potentialAction":[{"@type":"SearchAction","target":{"@type":"EntryPoint","urlTemplate":"https:\/\/bonimores.com\/?s={search_term_string}"},"query-input":{"@type":"PropertyValueSpecification","valueRequired":true,"valueName":"search_term_string"}}],"inLanguage":"en-US"},{"@type":"Organization","@id":"https:\/\/bonimores.com\/#organization","name":"BoniMores","alternateName":"Bomo","url":"https:\/\/bonimores.com\/","logo":{"@type":"ImageObject","inLanguage":"en-US","@id":"https:\/\/bonimores.com\/#\/schema\/logo\/image\/","url":"https:\/\/bonimores.com\/wp-content\/uploads\/2022\/09\/cropped-BOMO-Catalogo-colecao-Inverno_prova.png","contentUrl":"https:\/\/bonimores.com\/wp-content\/uploads\/2022\/09\/cropped-BOMO-Catalogo-colecao-Inverno_prova.png","width":512,"height":512,"caption":"BoniMores"},"image":{"@id":"https:\/\/bonimores.com\/#\/schema\/logo\/image\/"},"sameAs":["https:\/\/www.facebook.com\/BoniMoresOfficial","https:\/\/x.com\/bonimoresofficial","https:\/\/www.instagram.com\/bonimoresofficial\/"]}]}},"_links":{"self":[{"href":"https:\/\/bonimores.com\/en\/wp-json\/wp\/v2\/product\/7366","targetHints":{"allow":["GET"]}}],"collection":[{"href":"https:\/\/bonimores.com\/en\/wp-json\/wp\/v2\/product"}],"about":[{"href":"https:\/\/bonimores.com\/en\/wp-json\/wp\/v2\/types\/product"}],"wp:featuredmedia":[{"embeddable":true,"href":"https:\/\/bonimores.com\/en\/wp-json\/wp\/v2\/media\/7377"}],"wp:attachment":[{"href":"https:\/\/bonimores.com\/en\/wp-json\/wp\/v2\/media?parent=7366"}],"wp:term":[{"taxonomy":"product_brand","embeddable":true,"href":"https:\/\/bonimores.com\/en\/wp-json\/wp\/v2\/product_brand?post=7366"},{"taxonomy":"product_cat","embeddable":true,"href":"https:\/\/bonimores.com\/en\/wp-json\/wp\/v2\/product_cat?post=7366"},{"taxonomy":"product_tag","embeddable":true,"href":"https:\/\/bonimores.com\/en\/wp-json\/wp\/v2\/product_tag?post=7366"}],"curies":[{"name":"wp","href":"https:\/\/api.w.org\/{rel}","templated":true}]}}