{"id":12368,"date":"2023-10-16T14:15:47","date_gmt":"2023-10-16T14:15:47","guid":{"rendered":"https:\/\/bonimores.com\/?post_type=product&#038;p=12368"},"modified":"2023-11-30T09:03:23","modified_gmt":"2023-11-30T09:03:23","slug":"sapatilha-carbo","status":"publish","type":"product","link":"https:\/\/bonimores.com\/en\/product\/sapatilha-carbo\/","title":{"rendered":"CARBO SNEAKERS"},"content":{"rendered":"<div class=\"group w-full text-token-text-primary border-b border-black\/10 gizmo:border-0 dark:border-gray-900\/50 gizmo:dark:border-0 bg-gray-50 gizmo:bg-transparent dark:bg-[#444654] gizmo:dark:bg-transparent\" data-testid=\"conversation-turn-29\">\n<div class=\"p-4 justify-center text-base md:gap-6 md:py-6 m-auto\">\n<div class=\"flex flex-1 gap-4 text-base mx-auto md:gap-6 gizmo:gap-3 gizmo:md:px-5 gizmo:lg:px-1 gizmo:xl:px-5 md:max-w-2xl lg:max-w-[38rem] gizmo:md:max-w-3xl gizmo:lg:max-w-[40rem] gizmo:xl:max-w-[48rem] xl:max-w-3xl }\">\n<div class=\"relative flex w-[calc(100%-50px)] flex-col gizmo:w-full lg:w-[calc(100%-115px)] agent-turn\">\n<div class=\"flex-col gap-1 md:gap-3\">\n<div class=\"flex flex-grow flex-col gap-3 max-w-full\">\n<div class=\"min-h-[20px] flex flex-col items-start gap-3 whitespace-pre-wrap break-words overflow-x-auto\">\n<div class=\"markdown prose w-full break-words dark:prose-invert dark\">\n<p>A sapatilha Carbo combina na perfei\u00e7\u00e3o moda e utilidade.<br \/>\nFeita com materiais de alta qualidade, proporciona uma<br \/>\nexperi\u00eancia \u00fanica para quem procura estilo e conforto<br \/>\nem cada passo.<\/p>\n<\/div>\n<\/div>\n<\/div>\n<\/div>\n<\/div>\n<\/div>\n<\/div>\n<\/div>\n<div class=\"group w-full text-token-text-primary border-b border-black\/10 gizmo:border-0 dark:border-gray-900\/50 gizmo:dark:border-0 gizmo:bg-transparent dark:bg-gray-800 gizmo:dark:bg-transparent\" data-testid=\"conversation-turn-30\">\n<div class=\"p-4 justify-center text-base md:gap-6 md:py-6 m-auto\">\n<div class=\"flex flex-1 gap-4 text-base mx-auto md:gap-6 gizmo:gap-3 gizmo:md:px-5 gizmo:lg:px-1 gizmo:xl:px-5 md:max-w-2xl lg:max-w-[38rem] gizmo:md:max-w-3xl gizmo:lg:max-w-[40rem] gizmo:xl:max-w-[48rem] xl:max-w-3xl }\">\n<div class=\"flex-shrink-0 flex flex-col relative items-end\">\n<div><\/div>\n<\/div>\n<\/div>\n<\/div>\n<\/div>\n<p><strong>COMPOSITION:<br \/>\n<\/strong>Suede<br \/>\nLeather<br \/>\nTextile<\/p>","protected":false},"excerpt":{"rendered":"<p>A sapatilha Carbo combina na perfei\u00e7\u00e3o moda e utilidade.<br \/>\nFeita com materiais de alta qualidade, proporciona uma<br \/>\nexperi\u00eancia \u00fanica para quem procura estilo e conforto em cada passo.<\/p>","protected":false},"featured_media":12396,"template":"","meta":{"om_disable_all_campaigns":false,"_monsterinsights_skip_tracking":false,"_monsterinsights_sitenote_active":false,"_monsterinsights_sitenote_note":"","_monsterinsights_sitenote_category":0,"_uf_show_specific_survey":0,"_uf_disable_surveys":false},"product_brand":[],"product_cat":[25],"product_tag":[],"class_list":{"0":"post-12368","1":"product","2":"type-product","3":"status-publish","4":"has-post-thumbnail","6":"product_cat-homem","8":"first","9":"instock","10":"shipping-taxable","11":"purchasable","12":"product-type-variable"},"aioseo_notices":[],"yoast_head":"<!-- This site is optimized with the Yoast SEO plugin v25.8 - https:\/\/yoast.com\/wordpress\/plugins\/seo\/ -->\n<title>SAPATILHA CARBO - BoniMores<\/title>\n<meta name=\"robots\" content=\"index, follow, max-snippet:-1, max-image-preview:large, max-video-preview:-1\" \/>\n<link rel=\"canonical\" href=\"https:\/\/bonimores.com\/en\/product\/sapatilha-carbo\/\" \/>\n<meta property=\"og:locale\" content=\"en_US\" \/>\n<meta property=\"og:type\" content=\"article\" \/>\n<meta property=\"og:title\" content=\"SAPATILHA CARBO - BoniMores\" \/>\n<meta property=\"og:description\" content=\"A sapatilha Carbo combina na perfei\u00e7\u00e3o moda e utilidade. Feita com materiais de alta qualidade, proporciona uma experi\u00eancia \u00fanica para quem procura estilo e conforto em cada passo.\" \/>\n<meta property=\"og:url\" content=\"https:\/\/bonimores.com\/en\/product\/sapatilha-carbo\/\" \/>\n<meta property=\"og:site_name\" content=\"BoniMores\" \/>\n<meta property=\"article:publisher\" content=\"https:\/\/www.facebook.com\/BoniMoresOfficial\" \/>\n<meta property=\"article:modified_time\" content=\"2023-11-30T09:03:23+00:00\" \/>\n<meta property=\"og:image\" content=\"https:\/\/bonimores.com\/wp-content\/uploads\/2023\/10\/2.webp\" \/>\n\t<meta property=\"og:image:width\" content=\"1000\" \/>\n\t<meta property=\"og:image:height\" content=\"1000\" \/>\n\t<meta property=\"og:image:type\" content=\"image\/webp\" \/>\n<meta name=\"twitter:card\" content=\"summary_large_image\" \/>\n<meta name=\"twitter:site\" content=\"@bonimoresofficial\" \/>\n<meta name=\"twitter:label1\" content=\"Est. reading time\" \/>\n\t<meta name=\"twitter:data1\" content=\"1 minute\" \/>\n<script type=\"application\/ld+json\" class=\"yoast-schema-graph\">{\"@context\":\"https:\/\/schema.org\",\"@graph\":[{\"@type\":\"WebPage\",\"@id\":\"https:\/\/bonimores.com\/produto\/sapatilha-carbo\/\",\"url\":\"https:\/\/bonimores.com\/produto\/sapatilha-carbo\/\",\"name\":\"SAPATILHA CARBO - BoniMores\",\"isPartOf\":{\"@id\":\"https:\/\/bonimores.com\/#website\"},\"primaryImageOfPage\":{\"@id\":\"https:\/\/bonimores.com\/produto\/sapatilha-carbo\/#primaryimage\"},\"image\":{\"@id\":\"https:\/\/bonimores.com\/produto\/sapatilha-carbo\/#primaryimage\"},\"thumbnailUrl\":\"https:\/\/bonimores.com\/wp-content\/uploads\/2023\/10\/2.webp\",\"datePublished\":\"2023-10-16T14:15:47+00:00\",\"dateModified\":\"2023-11-30T09:03:23+00:00\",\"breadcrumb\":{\"@id\":\"https:\/\/bonimores.com\/produto\/sapatilha-carbo\/#breadcrumb\"},\"inLanguage\":\"en-US\",\"potentialAction\":[{\"@type\":\"ReadAction\",\"target\":[\"https:\/\/bonimores.com\/produto\/sapatilha-carbo\/\"]}]},{\"@type\":\"ImageObject\",\"inLanguage\":\"en-US\",\"@id\":\"https:\/\/bonimores.com\/produto\/sapatilha-carbo\/#primaryimage\",\"url\":\"https:\/\/bonimores.com\/wp-content\/uploads\/2023\/10\/2.webp\",\"contentUrl\":\"https:\/\/bonimores.com\/wp-content\/uploads\/2023\/10\/2.webp\",\"width\":1000,\"height\":1000},{\"@type\":\"BreadcrumbList\",\"@id\":\"https:\/\/bonimores.com\/produto\/sapatilha-carbo\/#breadcrumb\",\"itemListElement\":[{\"@type\":\"ListItem\",\"position\":1,\"name\":\"In\u00edcio\",\"item\":\"https:\/\/bonimores.com\/\"},{\"@type\":\"ListItem\",\"position\":2,\"name\":\"Loja\",\"item\":\"https:\/\/bonimores.com\/loja\/\"},{\"@type\":\"ListItem\",\"position\":3,\"name\":\"SAPATILHA CARBO\"}]},{\"@type\":\"WebSite\",\"@id\":\"https:\/\/bonimores.com\/#website\",\"url\":\"https:\/\/bonimores.com\/\",\"name\":\"BoniMores\",\"description\":\"Sapatilhas de Bons Costumes\",\"publisher\":{\"@id\":\"https:\/\/bonimores.com\/#organization\"},\"alternateName\":\"Bomo\",\"potentialAction\":[{\"@type\":\"SearchAction\",\"target\":{\"@type\":\"EntryPoint\",\"urlTemplate\":\"https:\/\/bonimores.com\/?s={search_term_string}\"},\"query-input\":{\"@type\":\"PropertyValueSpecification\",\"valueRequired\":true,\"valueName\":\"search_term_string\"}}],\"inLanguage\":\"en-US\"},{\"@type\":\"Organization\",\"@id\":\"https:\/\/bonimores.com\/#organization\",\"name\":\"BoniMores\",\"alternateName\":\"Bomo\",\"url\":\"https:\/\/bonimores.com\/\",\"logo\":{\"@type\":\"ImageObject\",\"inLanguage\":\"en-US\",\"@id\":\"https:\/\/bonimores.com\/#\/schema\/logo\/image\/\",\"url\":\"https:\/\/bonimores.com\/wp-content\/uploads\/2022\/09\/cropped-BOMO-Catalogo-colecao-Inverno_prova.png\",\"contentUrl\":\"https:\/\/bonimores.com\/wp-content\/uploads\/2022\/09\/cropped-BOMO-Catalogo-colecao-Inverno_prova.png\",\"width\":512,\"height\":512,\"caption\":\"BoniMores\"},\"image\":{\"@id\":\"https:\/\/bonimores.com\/#\/schema\/logo\/image\/\"},\"sameAs\":[\"https:\/\/www.facebook.com\/BoniMoresOfficial\",\"https:\/\/x.com\/bonimoresofficial\",\"https:\/\/www.instagram.com\/bonimoresofficial\/\"]}]}<\/script>\n<!-- \/ Yoast SEO plugin. -->","yoast_head_json":{"title":"SAPATILHA CARBO - BoniMores","robots":{"index":"index","follow":"follow","max-snippet":"max-snippet:-1","max-image-preview":"max-image-preview:large","max-video-preview":"max-video-preview:-1"},"canonical":"https:\/\/bonimores.com\/en\/product\/sapatilha-carbo\/","og_locale":"en_US","og_type":"article","og_title":"SAPATILHA CARBO - BoniMores","og_description":"A sapatilha Carbo combina na perfei\u00e7\u00e3o moda e utilidade. Feita com materiais de alta qualidade, proporciona uma experi\u00eancia \u00fanica para quem procura estilo e conforto em cada passo.","og_url":"https:\/\/bonimores.com\/en\/product\/sapatilha-carbo\/","og_site_name":"BoniMores","article_publisher":"https:\/\/www.facebook.com\/BoniMoresOfficial","article_modified_time":"2023-11-30T09:03:23+00:00","og_image":[{"width":1000,"height":1000,"url":"https:\/\/bonimores.com\/wp-content\/uploads\/2023\/10\/2.webp","type":"image\/webp"}],"twitter_card":"summary_large_image","twitter_site":"@bonimoresofficial","twitter_misc":{"Est. reading time":"1 minute"},"schema":{"@context":"https:\/\/schema.org","@graph":[{"@type":"WebPage","@id":"https:\/\/bonimores.com\/produto\/sapatilha-carbo\/","url":"https:\/\/bonimores.com\/produto\/sapatilha-carbo\/","name":"SAPATILHA CARBO - BoniMores","isPartOf":{"@id":"https:\/\/bonimores.com\/#website"},"primaryImageOfPage":{"@id":"https:\/\/bonimores.com\/produto\/sapatilha-carbo\/#primaryimage"},"image":{"@id":"https:\/\/bonimores.com\/produto\/sapatilha-carbo\/#primaryimage"},"thumbnailUrl":"https:\/\/bonimores.com\/wp-content\/uploads\/2023\/10\/2.webp","datePublished":"2023-10-16T14:15:47+00:00","dateModified":"2023-11-30T09:03:23+00:00","breadcrumb":{"@id":"https:\/\/bonimores.com\/produto\/sapatilha-carbo\/#breadcrumb"},"inLanguage":"en-US","potentialAction":[{"@type":"ReadAction","target":["https:\/\/bonimores.com\/produto\/sapatilha-carbo\/"]}]},{"@type":"ImageObject","inLanguage":"en-US","@id":"https:\/\/bonimores.com\/produto\/sapatilha-carbo\/#primaryimage","url":"https:\/\/bonimores.com\/wp-content\/uploads\/2023\/10\/2.webp","contentUrl":"https:\/\/bonimores.com\/wp-content\/uploads\/2023\/10\/2.webp","width":1000,"height":1000},{"@type":"BreadcrumbList","@id":"https:\/\/bonimores.com\/produto\/sapatilha-carbo\/#breadcrumb","itemListElement":[{"@type":"ListItem","position":1,"name":"In\u00edcio","item":"https:\/\/bonimores.com\/"},{"@type":"ListItem","position":2,"name":"Loja","item":"https:\/\/bonimores.com\/loja\/"},{"@type":"ListItem","position":3,"name":"SAPATILHA CARBO"}]},{"@type":"WebSite","@id":"https:\/\/bonimores.com\/#website","url":"https:\/\/bonimores.com\/","name":"BoniMores","description":"Sapatilhas de Bons Costumes","publisher":{"@id":"https:\/\/bonimores.com\/#organization"},"alternateName":"Bomo","potentialAction":[{"@type":"SearchAction","target":{"@type":"EntryPoint","urlTemplate":"https:\/\/bonimores.com\/?s={search_term_string}"},"query-input":{"@type":"PropertyValueSpecification","valueRequired":true,"valueName":"search_term_string"}}],"inLanguage":"en-US"},{"@type":"Organization","@id":"https:\/\/bonimores.com\/#organization","name":"BoniMores","alternateName":"Bomo","url":"https:\/\/bonimores.com\/","logo":{"@type":"ImageObject","inLanguage":"en-US","@id":"https:\/\/bonimores.com\/#\/schema\/logo\/image\/","url":"https:\/\/bonimores.com\/wp-content\/uploads\/2022\/09\/cropped-BOMO-Catalogo-colecao-Inverno_prova.png","contentUrl":"https:\/\/bonimores.com\/wp-content\/uploads\/2022\/09\/cropped-BOMO-Catalogo-colecao-Inverno_prova.png","width":512,"height":512,"caption":"BoniMores"},"image":{"@id":"https:\/\/bonimores.com\/#\/schema\/logo\/image\/"},"sameAs":["https:\/\/www.facebook.com\/BoniMoresOfficial","https:\/\/x.com\/bonimoresofficial","https:\/\/www.instagram.com\/bonimoresofficial\/"]}]}},"_links":{"self":[{"href":"https:\/\/bonimores.com\/en\/wp-json\/wp\/v2\/product\/12368","targetHints":{"allow":["GET"]}}],"collection":[{"href":"https:\/\/bonimores.com\/en\/wp-json\/wp\/v2\/product"}],"about":[{"href":"https:\/\/bonimores.com\/en\/wp-json\/wp\/v2\/types\/product"}],"wp:featuredmedia":[{"embeddable":true,"href":"https:\/\/bonimores.com\/en\/wp-json\/wp\/v2\/media\/12396"}],"wp:attachment":[{"href":"https:\/\/bonimores.com\/en\/wp-json\/wp\/v2\/media?parent=12368"}],"wp:term":[{"taxonomy":"product_brand","embeddable":true,"href":"https:\/\/bonimores.com\/en\/wp-json\/wp\/v2\/product_brand?post=12368"},{"taxonomy":"product_cat","embeddable":true,"href":"https:\/\/bonimores.com\/en\/wp-json\/wp\/v2\/product_cat?post=12368"},{"taxonomy":"product_tag","embeddable":true,"href":"https:\/\/bonimores.com\/en\/wp-json\/wp\/v2\/product_tag?post=12368"}],"curies":[{"name":"wp","href":"https:\/\/api.w.org\/{rel}","templated":true}]}}