{"id":11546,"date":"2023-05-10T15:30:57","date_gmt":"2023-05-10T15:30:57","guid":{"rendered":"https:\/\/bonimores.com\/?post_type=product&#038;p=11546"},"modified":"2024-04-05T18:54:09","modified_gmt":"2024-04-05T18:54:09","slug":"sapatilha-edulis","status":"publish","type":"product","link":"https:\/\/bonimores.com\/en\/product\/sapatilha-edulis\/","title":{"rendered":"SAPATILHA EDULIS"},"content":{"rendered":"<p>Jovem. Emergente. Confiante. Edulis \u00e9 a express\u00e3o<br \/>\nde uma nova gera\u00e7\u00e3o, mais confiante, tranquila e<br \/>\npreparada como nunca para dar o salto em frente.<\/p>\n<p><strong>COMPOSITION:<br \/>\n<\/strong>Suede<br \/>\nLeather<br \/>\nTextile<\/p>","protected":false},"excerpt":{"rendered":"<p>Jovem. Emergente. Confiante. Edulis \u00e9 a express\u00e3o de uma nova gera\u00e7\u00e3o, mais confiante, tranquila e preparada como nunca para dar o salto em frente.<\/p>","protected":false},"featured_media":11590,"template":"","meta":{"om_disable_all_campaigns":false,"_monsterinsights_skip_tracking":false,"_monsterinsights_sitenote_active":false,"_monsterinsights_sitenote_note":"","_monsterinsights_sitenote_category":0,"_uf_show_specific_survey":0,"_uf_disable_surveys":false},"product_brand":[],"product_cat":[25],"product_tag":[],"class_list":{"0":"post-11546","1":"product","2":"type-product","3":"status-publish","4":"has-post-thumbnail","6":"product_cat-homem","8":"first","9":"instock","10":"shipping-taxable","11":"purchasable","12":"product-type-variable"},"aioseo_notices":[],"yoast_head":"<!-- This site is optimized with the Yoast SEO plugin v25.8 - https:\/\/yoast.com\/wordpress\/plugins\/seo\/ -->\n<title>SAPATILHA EDULIS - BoniMores<\/title>\n<meta name=\"robots\" content=\"index, follow, max-snippet:-1, max-image-preview:large, max-video-preview:-1\" \/>\n<link rel=\"canonical\" href=\"https:\/\/bonimores.com\/en\/product\/sapatilha-edulis\/\" \/>\n<meta property=\"og:locale\" content=\"en_US\" \/>\n<meta property=\"og:type\" content=\"article\" \/>\n<meta property=\"og:title\" content=\"SAPATILHA EDULIS - BoniMores\" \/>\n<meta property=\"og:description\" content=\"Jovem. Emergente. Confiante. Edulis \u00e9 a express\u00e3o de uma nova gera\u00e7\u00e3o, mais confiante, tranquila e preparada como nunca para dar o salto em frente.\" \/>\n<meta property=\"og:url\" content=\"https:\/\/bonimores.com\/en\/product\/sapatilha-edulis\/\" \/>\n<meta property=\"og:site_name\" content=\"BoniMores\" \/>\n<meta property=\"article:publisher\" content=\"https:\/\/www.facebook.com\/BoniMoresOfficial\" \/>\n<meta property=\"article:modified_time\" content=\"2024-04-05T18:54:09+00:00\" \/>\n<meta property=\"og:image\" content=\"https:\/\/bonimores.com\/wp-content\/uploads\/2023\/05\/Edulis-BOMO-2023-1.jpg\" \/>\n\t<meta property=\"og:image:width\" content=\"1000\" \/>\n\t<meta property=\"og:image:height\" content=\"1000\" \/>\n\t<meta property=\"og:image:type\" content=\"image\/jpeg\" \/>\n<meta name=\"twitter:card\" content=\"summary_large_image\" \/>\n<meta name=\"twitter:site\" content=\"@bonimoresofficial\" \/>\n<meta name=\"twitter:label1\" content=\"Est. reading time\" \/>\n\t<meta name=\"twitter:data1\" content=\"1 minute\" \/>\n<script type=\"application\/ld+json\" class=\"yoast-schema-graph\">{\"@context\":\"https:\/\/schema.org\",\"@graph\":[{\"@type\":\"WebPage\",\"@id\":\"https:\/\/bonimores.com\/produto\/sapatilha-edulis\/\",\"url\":\"https:\/\/bonimores.com\/produto\/sapatilha-edulis\/\",\"name\":\"SAPATILHA EDULIS - BoniMores\",\"isPartOf\":{\"@id\":\"https:\/\/bonimores.com\/#website\"},\"primaryImageOfPage\":{\"@id\":\"https:\/\/bonimores.com\/produto\/sapatilha-edulis\/#primaryimage\"},\"image\":{\"@id\":\"https:\/\/bonimores.com\/produto\/sapatilha-edulis\/#primaryimage\"},\"thumbnailUrl\":\"https:\/\/bonimores.com\/wp-content\/uploads\/2023\/05\/Edulis-BOMO-2023-1.jpg\",\"datePublished\":\"2023-05-10T15:30:57+00:00\",\"dateModified\":\"2024-04-05T18:54:09+00:00\",\"breadcrumb\":{\"@id\":\"https:\/\/bonimores.com\/produto\/sapatilha-edulis\/#breadcrumb\"},\"inLanguage\":\"en-US\",\"potentialAction\":[{\"@type\":\"ReadAction\",\"target\":[\"https:\/\/bonimores.com\/produto\/sapatilha-edulis\/\"]}]},{\"@type\":\"ImageObject\",\"inLanguage\":\"en-US\",\"@id\":\"https:\/\/bonimores.com\/produto\/sapatilha-edulis\/#primaryimage\",\"url\":\"https:\/\/bonimores.com\/wp-content\/uploads\/2023\/05\/Edulis-BOMO-2023-1.jpg\",\"contentUrl\":\"https:\/\/bonimores.com\/wp-content\/uploads\/2023\/05\/Edulis-BOMO-2023-1.jpg\",\"width\":1000,\"height\":1000},{\"@type\":\"BreadcrumbList\",\"@id\":\"https:\/\/bonimores.com\/produto\/sapatilha-edulis\/#breadcrumb\",\"itemListElement\":[{\"@type\":\"ListItem\",\"position\":1,\"name\":\"In\u00edcio\",\"item\":\"https:\/\/bonimores.com\/\"},{\"@type\":\"ListItem\",\"position\":2,\"name\":\"Loja\",\"item\":\"https:\/\/bonimores.com\/loja\/\"},{\"@type\":\"ListItem\",\"position\":3,\"name\":\"SAPATILHA EDULIS\"}]},{\"@type\":\"WebSite\",\"@id\":\"https:\/\/bonimores.com\/#website\",\"url\":\"https:\/\/bonimores.com\/\",\"name\":\"BoniMores\",\"description\":\"Sapatilhas de Bons Costumes\",\"publisher\":{\"@id\":\"https:\/\/bonimores.com\/#organization\"},\"alternateName\":\"Bomo\",\"potentialAction\":[{\"@type\":\"SearchAction\",\"target\":{\"@type\":\"EntryPoint\",\"urlTemplate\":\"https:\/\/bonimores.com\/?s={search_term_string}\"},\"query-input\":{\"@type\":\"PropertyValueSpecification\",\"valueRequired\":true,\"valueName\":\"search_term_string\"}}],\"inLanguage\":\"en-US\"},{\"@type\":\"Organization\",\"@id\":\"https:\/\/bonimores.com\/#organization\",\"name\":\"BoniMores\",\"alternateName\":\"Bomo\",\"url\":\"https:\/\/bonimores.com\/\",\"logo\":{\"@type\":\"ImageObject\",\"inLanguage\":\"en-US\",\"@id\":\"https:\/\/bonimores.com\/#\/schema\/logo\/image\/\",\"url\":\"https:\/\/bonimores.com\/wp-content\/uploads\/2022\/09\/cropped-BOMO-Catalogo-colecao-Inverno_prova.png\",\"contentUrl\":\"https:\/\/bonimores.com\/wp-content\/uploads\/2022\/09\/cropped-BOMO-Catalogo-colecao-Inverno_prova.png\",\"width\":512,\"height\":512,\"caption\":\"BoniMores\"},\"image\":{\"@id\":\"https:\/\/bonimores.com\/#\/schema\/logo\/image\/\"},\"sameAs\":[\"https:\/\/www.facebook.com\/BoniMoresOfficial\",\"https:\/\/x.com\/bonimoresofficial\",\"https:\/\/www.instagram.com\/bonimoresofficial\/\"]}]}<\/script>\n<!-- \/ Yoast SEO plugin. -->","yoast_head_json":{"title":"SAPATILHA EDULIS - BoniMores","robots":{"index":"index","follow":"follow","max-snippet":"max-snippet:-1","max-image-preview":"max-image-preview:large","max-video-preview":"max-video-preview:-1"},"canonical":"https:\/\/bonimores.com\/en\/product\/sapatilha-edulis\/","og_locale":"en_US","og_type":"article","og_title":"SAPATILHA EDULIS - BoniMores","og_description":"Jovem. Emergente. Confiante. Edulis \u00e9 a express\u00e3o de uma nova gera\u00e7\u00e3o, mais confiante, tranquila e preparada como nunca para dar o salto em frente.","og_url":"https:\/\/bonimores.com\/en\/product\/sapatilha-edulis\/","og_site_name":"BoniMores","article_publisher":"https:\/\/www.facebook.com\/BoniMoresOfficial","article_modified_time":"2024-04-05T18:54:09+00:00","og_image":[{"width":1000,"height":1000,"url":"https:\/\/bonimores.com\/wp-content\/uploads\/2023\/05\/Edulis-BOMO-2023-1.jpg","type":"image\/jpeg"}],"twitter_card":"summary_large_image","twitter_site":"@bonimoresofficial","twitter_misc":{"Est. reading time":"1 minute"},"schema":{"@context":"https:\/\/schema.org","@graph":[{"@type":"WebPage","@id":"https:\/\/bonimores.com\/produto\/sapatilha-edulis\/","url":"https:\/\/bonimores.com\/produto\/sapatilha-edulis\/","name":"SAPATILHA EDULIS - BoniMores","isPartOf":{"@id":"https:\/\/bonimores.com\/#website"},"primaryImageOfPage":{"@id":"https:\/\/bonimores.com\/produto\/sapatilha-edulis\/#primaryimage"},"image":{"@id":"https:\/\/bonimores.com\/produto\/sapatilha-edulis\/#primaryimage"},"thumbnailUrl":"https:\/\/bonimores.com\/wp-content\/uploads\/2023\/05\/Edulis-BOMO-2023-1.jpg","datePublished":"2023-05-10T15:30:57+00:00","dateModified":"2024-04-05T18:54:09+00:00","breadcrumb":{"@id":"https:\/\/bonimores.com\/produto\/sapatilha-edulis\/#breadcrumb"},"inLanguage":"en-US","potentialAction":[{"@type":"ReadAction","target":["https:\/\/bonimores.com\/produto\/sapatilha-edulis\/"]}]},{"@type":"ImageObject","inLanguage":"en-US","@id":"https:\/\/bonimores.com\/produto\/sapatilha-edulis\/#primaryimage","url":"https:\/\/bonimores.com\/wp-content\/uploads\/2023\/05\/Edulis-BOMO-2023-1.jpg","contentUrl":"https:\/\/bonimores.com\/wp-content\/uploads\/2023\/05\/Edulis-BOMO-2023-1.jpg","width":1000,"height":1000},{"@type":"BreadcrumbList","@id":"https:\/\/bonimores.com\/produto\/sapatilha-edulis\/#breadcrumb","itemListElement":[{"@type":"ListItem","position":1,"name":"In\u00edcio","item":"https:\/\/bonimores.com\/"},{"@type":"ListItem","position":2,"name":"Loja","item":"https:\/\/bonimores.com\/loja\/"},{"@type":"ListItem","position":3,"name":"SAPATILHA EDULIS"}]},{"@type":"WebSite","@id":"https:\/\/bonimores.com\/#website","url":"https:\/\/bonimores.com\/","name":"BoniMores","description":"Sapatilhas de Bons Costumes","publisher":{"@id":"https:\/\/bonimores.com\/#organization"},"alternateName":"Bomo","potentialAction":[{"@type":"SearchAction","target":{"@type":"EntryPoint","urlTemplate":"https:\/\/bonimores.com\/?s={search_term_string}"},"query-input":{"@type":"PropertyValueSpecification","valueRequired":true,"valueName":"search_term_string"}}],"inLanguage":"en-US"},{"@type":"Organization","@id":"https:\/\/bonimores.com\/#organization","name":"BoniMores","alternateName":"Bomo","url":"https:\/\/bonimores.com\/","logo":{"@type":"ImageObject","inLanguage":"en-US","@id":"https:\/\/bonimores.com\/#\/schema\/logo\/image\/","url":"https:\/\/bonimores.com\/wp-content\/uploads\/2022\/09\/cropped-BOMO-Catalogo-colecao-Inverno_prova.png","contentUrl":"https:\/\/bonimores.com\/wp-content\/uploads\/2022\/09\/cropped-BOMO-Catalogo-colecao-Inverno_prova.png","width":512,"height":512,"caption":"BoniMores"},"image":{"@id":"https:\/\/bonimores.com\/#\/schema\/logo\/image\/"},"sameAs":["https:\/\/www.facebook.com\/BoniMoresOfficial","https:\/\/x.com\/bonimoresofficial","https:\/\/www.instagram.com\/bonimoresofficial\/"]}]}},"_links":{"self":[{"href":"https:\/\/bonimores.com\/en\/wp-json\/wp\/v2\/product\/11546","targetHints":{"allow":["GET"]}}],"collection":[{"href":"https:\/\/bonimores.com\/en\/wp-json\/wp\/v2\/product"}],"about":[{"href":"https:\/\/bonimores.com\/en\/wp-json\/wp\/v2\/types\/product"}],"wp:featuredmedia":[{"embeddable":true,"href":"https:\/\/bonimores.com\/en\/wp-json\/wp\/v2\/media\/11590"}],"wp:attachment":[{"href":"https:\/\/bonimores.com\/en\/wp-json\/wp\/v2\/media?parent=11546"}],"wp:term":[{"taxonomy":"product_brand","embeddable":true,"href":"https:\/\/bonimores.com\/en\/wp-json\/wp\/v2\/product_brand?post=11546"},{"taxonomy":"product_cat","embeddable":true,"href":"https:\/\/bonimores.com\/en\/wp-json\/wp\/v2\/product_cat?post=11546"},{"taxonomy":"product_tag","embeddable":true,"href":"https:\/\/bonimores.com\/en\/wp-json\/wp\/v2\/product_tag?post=11546"}],"curies":[{"name":"wp","href":"https:\/\/api.w.org\/{rel}","templated":true}]}}